{"id":1325,"date":"2026-01-01T13:01:00","date_gmt":"2026-01-01T13:01:00","guid":{"rendered":"https:\/\/www.aeroatelier.aero\/?page_id=1325"},"modified":"2026-02-03T16:20:37","modified_gmt":"2026-02-03T16:20:37","slug":"remboursements_retours","status":"publish","type":"page","link":"https:\/\/www.aeroatelier.aero\/en\/remboursements_retours","title":{"rendered":"Politique en mati\u00e8re de remboursements et de retours"},"content":{"rendered":"<p>Politique en mati\u00e8re de remboursements et de retours<\/p>\n\n\n\n<h3 class=\"wp-block-heading\">Aper\u00e7u<\/h3>\n\n\n\n<p>Chez A\u00e9ro Atelier, nous sommes fiers de notre h\u00e9ritage et de la qualit\u00e9 de nos produits d\u00e9riv\u00e9s. \u00c9tant donn\u00e9 que nous g\u00e9rons ces articles de fa\u00e7on personnalis\u00e9e, nous traitons chaque demande avec le m\u00eame souci du d\u00e9tail que nous apportons \u00e0 nos r\u00e9visions de moteurs.<\/p>\n\n\n\n<h3 class=\"wp-block-heading\">Conditions de retour<\/h3>\n\n\n\n<p>Notre politique de retour standard est valide pour une dur\u00e9e de <strong>30 jours<\/strong> suivant la r\u00e9ception de votre commande. Pass\u00e9 ce d\u00e9lai, nous ne pouvons malheureusement plus vous offrir de remboursement ou d&rsquo;\u00e9change.<\/p>\n\n\n\n<p>Pour \u00eatre admissible \u00e0 un retour :<\/p>\n\n\n\n<ul class=\"wp-block-list\">\n<li>L&rsquo;article doit \u00eatre inutilis\u00e9 et dans le m\u00eame \u00e9tat que vous l&rsquo;avez re\u00e7u.<\/li>\n\n\n\n<li>Les t-shirts ne doivent pas avoir \u00e9t\u00e9 port\u00e9s ou lav\u00e9s.<\/li>\n\n\n\n<li>Les casquettes doivent conserver leur forme originale et ne pr\u00e9senter aucune marque d&rsquo;usure.<\/li>\n<\/ul>\n\n\n\n<h3 class=\"wp-block-heading\">Erreurs et D\u00e9fectuosit\u00e9s<\/h3>\n\n\n\n<p>Si le retour r\u00e9sulte d&rsquo;une erreur de notre part (mauvais article, taille erron\u00e9e ou d\u00e9faut de fabrication), A\u00e9ro Atelier assumera l&rsquo;int\u00e9gralit\u00e9 des frais de retour et de r\u00e9exp\u00e9dition du bon produit. Dans ce cas pr\u00e9cis, aucun frais de restockage ne sera appliqu\u00e9.<\/p>\n\n\n\n<h3 class=\"wp-block-heading\">Commandes de 150 $ et plus<\/h3>\n\n\n\n<p>Pour les commandes importantes d\u00e9passant un total de <strong>150 $<\/strong>, les retours sont accept\u00e9s moyennant des <strong>frais de restockage de 25 %<\/strong>. Ces frais couvrent le temps administratif li\u00e9 au cr\u00e9dit ainsi que les frais de transaction initiaux.<\/p>\n\n\n\n<h3 class=\"wp-block-heading\">Frais d&rsquo;exp\u00e9dition pour les retours<\/h3>\n\n\n\n<p>\u00c0 l&rsquo;exception des cas d&rsquo;erreur d&rsquo;A\u00e9ro Atelier, les frais d&rsquo;exp\u00e9dition pour le retour d&rsquo;un article sont \u00e0 la charge du client. Les frais de livraison originaux ne sont pas remboursables.<\/p>\n\n\n\n<h3 class=\"wp-block-heading\">Proc\u00e9dure de remboursement<\/h3>\n\n\n\n<p>Une fois votre retour re\u00e7u et inspect\u00e9, nous vous enverrons un courriel pour vous confirmer la r\u00e9ception et vous informer de l&rsquo;approbation ou du rejet de votre remboursement. Si la demande est approuv\u00e9e, votre remboursement sera trait\u00e9 et un cr\u00e9dit sera automatiquement appliqu\u00e9 \u00e0 votre compte PayPal.<\/p>","protected":false},"excerpt":{"rendered":"<p>Politique en mati\u00e8re de remboursements et de retours Aper\u00e7u Chez A\u00e9ro Atelier, nous sommes fiers de notre h\u00e9ritage et de la qualit\u00e9 de nos produits d\u00e9riv\u00e9s. \u00c9tant donn\u00e9 que nous g\u00e9rons ces articles de fa\u00e7on personnalis\u00e9e, nous traitons chaque demande avec le m\u00eame souci du d\u00e9tail que nous apportons \u00e0 nos r\u00e9visions de moteurs. Conditions [&hellip;]<\/p>\n","protected":false},"author":1,"featured_media":1419,"parent":0,"menu_order":0,"comment_status":"closed","ping_status":"closed","template":"","meta":{"_uag_custom_page_level_css":"","site-sidebar-layout":"default","site-content-layout":"","ast-site-content-layout":"default","site-content-style":"default","site-sidebar-style":"default","ast-global-header-display":"","ast-banner-title-visibility":"","ast-main-header-display":"","ast-hfb-above-header-display":"","ast-hfb-below-header-display":"","ast-hfb-mobile-header-display":"","site-post-title":"","ast-breadcrumbs-content":"","ast-featured-img":"disabled","footer-sml-layout":"","ast-disable-related-posts":"","theme-transparent-header-meta":"","adv-header-id-meta":"","stick-header-meta":"","header-above-stick-meta":"","header-main-stick-meta":"","header-below-stick-meta":"","astra-migrate-meta-layouts":"default","ast-page-background-enabled":"default","ast-page-background-meta":{"desktop":{"background-color":"var(--ast-global-color-5)","background-image":"","background-repeat":"repeat","background-position":"center center","background-size":"auto","background-attachment":"scroll","background-type":"","background-media":"","overlay-type":"","overlay-color":"","overlay-opacity":"","overlay-gradient":""},"tablet":{"background-color":"","background-image":"","background-repeat":"repeat","background-position":"center center","background-size":"auto","background-attachment":"scroll","background-type":"","background-media":"","overlay-type":"","overlay-color":"","overlay-opacity":"","overlay-gradient":""},"mobile":{"background-color":"","background-image":"","background-repeat":"repeat","background-position":"center center","background-size":"auto","background-attachment":"scroll","background-type":"","background-media":"","overlay-type":"","overlay-color":"","overlay-opacity":"","overlay-gradient":""}},"ast-content-background-meta":{"desktop":{"background-color":"var(--ast-global-color-4)","background-image":"","background-repeat":"repeat","background-position":"center center","background-size":"auto","background-attachment":"scroll","background-type":"","background-media":"","overlay-type":"","overlay-color":"","overlay-opacity":"","overlay-gradient":""},"tablet":{"background-color":"var(--ast-global-color-4)","background-image":"","background-repeat":"repeat","background-position":"center center","background-size":"auto","background-attachment":"scroll","background-type":"","background-media":"","overlay-type":"","overlay-color":"","overlay-opacity":"","overlay-gradient":""},"mobile":{"background-color":"var(--ast-global-color-4)","background-image":"","background-repeat":"repeat","background-position":"center center","background-size":"auto","background-attachment":"scroll","background-type":"","background-media":"","overlay-type":"","overlay-color":"","overlay-opacity":"","overlay-gradient":""}},"footnotes":""},"class_list":["post-1325","page","type-page","status-publish","has-post-thumbnail","hentry"],"yoast_head":"<!-- This site is optimized with the Yoast SEO plugin v27.2 - https:\/\/yoast.com\/product\/yoast-seo-wordpress\/ -->\n<title>Politique en mati\u00e8re de remboursements et de retours - A\u00e9ro Atelier C.M.<\/title>\n<meta name=\"robots\" content=\"index, follow, max-snippet:-1, max-image-preview:large, max-video-preview:-1\" \/>\n<link rel=\"canonical\" href=\"https:\/\/www.aeroatelier.aero\/en\/remboursements_retours\/\" \/>\n<meta property=\"og:locale\" content=\"en_US\" \/>\n<meta property=\"og:type\" content=\"article\" \/>\n<meta property=\"og:title\" content=\"Politique en mati\u00e8re de remboursements et de retours - A\u00e9ro Atelier C.M.\" \/>\n<meta property=\"og:description\" content=\"Politique en mati\u00e8re de remboursements et de retours Aper\u00e7u Chez A\u00e9ro Atelier, nous sommes fiers de notre h\u00e9ritage et de la qualit\u00e9 de nos produits d\u00e9riv\u00e9s. \u00c9tant donn\u00e9 que nous g\u00e9rons ces articles de fa\u00e7on personnalis\u00e9e, nous traitons chaque demande avec le m\u00eame souci du d\u00e9tail que nous apportons \u00e0 nos r\u00e9visions de moteurs. Conditions [&hellip;]\" \/>\n<meta property=\"og:url\" content=\"https:\/\/www.aeroatelier.aero\/en\/remboursements_retours\/\" \/>\n<meta property=\"og:site_name\" content=\"A\u00e9ro Atelier C.M.\" \/>\n<meta property=\"article:publisher\" content=\"https:\/\/www.facebook.com\/cm.aero\/\" \/>\n<meta property=\"article:modified_time\" content=\"2026-02-03T16:20:37+00:00\" \/>\n<meta property=\"og:image\" content=\"https:\/\/www.aeroatelier.aero\/wp-content\/uploads\/2026\/02\/Politique-de-retour.jpg\" \/>\n\t<meta property=\"og:image:width\" content=\"1080\" \/>\n\t<meta property=\"og:image:height\" content=\"1080\" \/>\n\t<meta property=\"og:image:type\" content=\"image\/jpeg\" \/>\n<meta name=\"twitter:card\" content=\"summary_large_image\" \/>\n<meta name=\"twitter:site\" content=\"@aeroatelier\" \/>\n<meta name=\"twitter:label1\" content=\"Est. reading time\" \/>\n\t<meta name=\"twitter:data1\" content=\"2 minutes\" \/>\n<script type=\"application\/ld+json\" class=\"yoast-schema-graph\">{\"@context\":\"https:\/\/schema.org\",\"@graph\":[{\"@type\":\"WebPage\",\"@id\":\"https:\/\/www.aeroatelier.aero\/remboursements_retours\",\"url\":\"https:\/\/www.aeroatelier.aero\/remboursements_retours\",\"name\":\"Politique en mati\u00e8re de remboursements et de retours - A\u00e9ro Atelier C.M.\",\"isPartOf\":{\"@id\":\"https:\/\/www.aeroatelier.aero\/#website\"},\"primaryImageOfPage\":{\"@id\":\"https:\/\/www.aeroatelier.aero\/remboursements_retours#primaryimage\"},\"image\":{\"@id\":\"https:\/\/www.aeroatelier.aero\/remboursements_retours#primaryimage\"},\"thumbnailUrl\":\"https:\/\/www.aeroatelier.aero\/wp-content\/uploads\/2026\/02\/Politique-de-retour.jpg\",\"datePublished\":\"2026-01-01T13:01:00+00:00\",\"dateModified\":\"2026-02-03T16:20:37+00:00\",\"breadcrumb\":{\"@id\":\"https:\/\/www.aeroatelier.aero\/remboursements_retours#breadcrumb\"},\"inLanguage\":\"en-CA\",\"potentialAction\":[{\"@type\":\"ReadAction\",\"target\":[\"https:\/\/www.aeroatelier.aero\/remboursements_retours\"]}]},{\"@type\":\"ImageObject\",\"inLanguage\":\"en-CA\",\"@id\":\"https:\/\/www.aeroatelier.aero\/remboursements_retours#primaryimage\",\"url\":\"https:\/\/www.aeroatelier.aero\/wp-content\/uploads\/2026\/02\/Politique-de-retour.jpg\",\"contentUrl\":\"https:\/\/www.aeroatelier.aero\/wp-content\/uploads\/2026\/02\/Politique-de-retour.jpg\",\"width\":1080,\"height\":1080,\"caption\":\"Politique de retour A\u00e9ro Atelier\"},{\"@type\":\"BreadcrumbList\",\"@id\":\"https:\/\/www.aeroatelier.aero\/remboursements_retours#breadcrumb\",\"itemListElement\":[{\"@type\":\"ListItem\",\"position\":1,\"name\":\"Accueil\",\"item\":\"https:\/\/www.aeroatelier.aero\/\"},{\"@type\":\"ListItem\",\"position\":2,\"name\":\"Politique en mati\u00e8re de remboursements et de retours\"}]},{\"@type\":\"WebSite\",\"@id\":\"https:\/\/www.aeroatelier.aero\/#website\",\"url\":\"https:\/\/www.aeroatelier.aero\/\",\"name\":\"A\u00e9ro Atelier C.M.\",\"description\":\"Lycoming and Continental aircraft engine specialists in Canada\",\"publisher\":{\"@id\":\"https:\/\/www.aeroatelier.aero\/#organization\"},\"potentialAction\":[{\"@type\":\"SearchAction\",\"target\":{\"@type\":\"EntryPoint\",\"urlTemplate\":\"https:\/\/www.aeroatelier.aero\/?s={search_term_string}\"},\"query-input\":{\"@type\":\"PropertyValueSpecification\",\"valueRequired\":true,\"valueName\":\"search_term_string\"}}],\"inLanguage\":\"en-CA\"},{\"@type\":\"Organization\",\"@id\":\"https:\/\/www.aeroatelier.aero\/#organization\",\"name\":\"A\u00e9ro Atelier C.M.\",\"alternateName\":\"Aero Atelier\",\"url\":\"https:\/\/www.aeroatelier.aero\/\",\"logo\":{\"@type\":\"ImageObject\",\"inLanguage\":\"en-CA\",\"@id\":\"https:\/\/www.aeroatelier.aero\/#\/schema\/logo\/image\/\",\"url\":\"https:\/\/www.aeroatelier.aero\/wp-content\/uploads\/2025\/10\/cropped-aeroatelier_512x512.png\",\"contentUrl\":\"https:\/\/www.aeroatelier.aero\/wp-content\/uploads\/2025\/10\/cropped-aeroatelier_512x512.png\",\"width\":512,\"height\":512,\"caption\":\"A\u00e9ro Atelier C.M.\"},\"image\":{\"@id\":\"https:\/\/www.aeroatelier.aero\/#\/schema\/logo\/image\/\"},\"sameAs\":[\"https:\/\/www.facebook.com\/cm.aero\/\",\"https:\/\/x.com\/aeroatelier\",\"https:\/\/www.instagram.com\/aero2fly\/\"]}]}<\/script>\n<!-- \/ Yoast SEO plugin. -->","yoast_head_json":{"title":"Politique en mati\u00e8re de remboursements et de retours - A\u00e9ro Atelier C.M.","robots":{"index":"index","follow":"follow","max-snippet":"max-snippet:-1","max-image-preview":"max-image-preview:large","max-video-preview":"max-video-preview:-1"},"canonical":"https:\/\/www.aeroatelier.aero\/en\/remboursements_retours\/","og_locale":"en_US","og_type":"article","og_title":"Politique en mati\u00e8re de remboursements et de retours - A\u00e9ro Atelier C.M.","og_description":"Politique en mati\u00e8re de remboursements et de retours Aper\u00e7u Chez A\u00e9ro Atelier, nous sommes fiers de notre h\u00e9ritage et de la qualit\u00e9 de nos produits d\u00e9riv\u00e9s. \u00c9tant donn\u00e9 que nous g\u00e9rons ces articles de fa\u00e7on personnalis\u00e9e, nous traitons chaque demande avec le m\u00eame souci du d\u00e9tail que nous apportons \u00e0 nos r\u00e9visions de moteurs. Conditions [&hellip;]","og_url":"https:\/\/www.aeroatelier.aero\/en\/remboursements_retours\/","og_site_name":"A\u00e9ro Atelier C.M.","article_publisher":"https:\/\/www.facebook.com\/cm.aero\/","article_modified_time":"2026-02-03T16:20:37+00:00","og_image":[{"width":1080,"height":1080,"url":"https:\/\/www.aeroatelier.aero\/wp-content\/uploads\/2026\/02\/Politique-de-retour.jpg","type":"image\/jpeg"}],"twitter_card":"summary_large_image","twitter_site":"@aeroatelier","twitter_misc":{"Est. reading time":"2 minutes"},"schema":{"@context":"https:\/\/schema.org","@graph":[{"@type":"WebPage","@id":"https:\/\/www.aeroatelier.aero\/remboursements_retours","url":"https:\/\/www.aeroatelier.aero\/remboursements_retours","name":"Politique en mati\u00e8re de remboursements et de retours - A\u00e9ro Atelier C.M.","isPartOf":{"@id":"https:\/\/www.aeroatelier.aero\/#website"},"primaryImageOfPage":{"@id":"https:\/\/www.aeroatelier.aero\/remboursements_retours#primaryimage"},"image":{"@id":"https:\/\/www.aeroatelier.aero\/remboursements_retours#primaryimage"},"thumbnailUrl":"https:\/\/www.aeroatelier.aero\/wp-content\/uploads\/2026\/02\/Politique-de-retour.jpg","datePublished":"2026-01-01T13:01:00+00:00","dateModified":"2026-02-03T16:20:37+00:00","breadcrumb":{"@id":"https:\/\/www.aeroatelier.aero\/remboursements_retours#breadcrumb"},"inLanguage":"en-CA","potentialAction":[{"@type":"ReadAction","target":["https:\/\/www.aeroatelier.aero\/remboursements_retours"]}]},{"@type":"ImageObject","inLanguage":"en-CA","@id":"https:\/\/www.aeroatelier.aero\/remboursements_retours#primaryimage","url":"https:\/\/www.aeroatelier.aero\/wp-content\/uploads\/2026\/02\/Politique-de-retour.jpg","contentUrl":"https:\/\/www.aeroatelier.aero\/wp-content\/uploads\/2026\/02\/Politique-de-retour.jpg","width":1080,"height":1080,"caption":"Politique de retour A\u00e9ro Atelier"},{"@type":"BreadcrumbList","@id":"https:\/\/www.aeroatelier.aero\/remboursements_retours#breadcrumb","itemListElement":[{"@type":"ListItem","position":1,"name":"Accueil","item":"https:\/\/www.aeroatelier.aero\/"},{"@type":"ListItem","position":2,"name":"Politique en mati\u00e8re de remboursements et de retours"}]},{"@type":"WebSite","@id":"https:\/\/www.aeroatelier.aero\/#website","url":"https:\/\/www.aeroatelier.aero\/","name":"Aero Atelier C.M.","description":"Lycoming and Continental aircraft engine specialists in Canada","publisher":{"@id":"https:\/\/www.aeroatelier.aero\/#organization"},"potentialAction":[{"@type":"SearchAction","target":{"@type":"EntryPoint","urlTemplate":"https:\/\/www.aeroatelier.aero\/?s={search_term_string}"},"query-input":{"@type":"PropertyValueSpecification","valueRequired":true,"valueName":"search_term_string"}}],"inLanguage":"en-CA"},{"@type":"Organization","@id":"https:\/\/www.aeroatelier.aero\/#organization","name":"Aero Atelier C.M.","alternateName":"Aero Atelier","url":"https:\/\/www.aeroatelier.aero\/","logo":{"@type":"ImageObject","inLanguage":"en-CA","@id":"https:\/\/www.aeroatelier.aero\/#\/schema\/logo\/image\/","url":"https:\/\/www.aeroatelier.aero\/wp-content\/uploads\/2025\/10\/cropped-aeroatelier_512x512.png","contentUrl":"https:\/\/www.aeroatelier.aero\/wp-content\/uploads\/2025\/10\/cropped-aeroatelier_512x512.png","width":512,"height":512,"caption":"A\u00e9ro Atelier C.M."},"image":{"@id":"https:\/\/www.aeroatelier.aero\/#\/schema\/logo\/image\/"},"sameAs":["https:\/\/www.facebook.com\/cm.aero\/","https:\/\/x.com\/aeroatelier","https:\/\/www.instagram.com\/aero2fly\/"]}]}},"uagb_featured_image_src":{"full":["https:\/\/www.aeroatelier.aero\/wp-content\/uploads\/2026\/02\/Politique-de-retour.jpg",1080,1080,false],"thumbnail":["https:\/\/www.aeroatelier.aero\/wp-content\/uploads\/2026\/02\/Politique-de-retour-150x150.jpg",150,150,true],"medium":["https:\/\/www.aeroatelier.aero\/wp-content\/uploads\/2026\/02\/Politique-de-retour-300x300.jpg",300,300,true],"medium_large":["https:\/\/www.aeroatelier.aero\/wp-content\/uploads\/2026\/02\/Politique-de-retour-768x768.jpg",768,768,true],"large":["https:\/\/www.aeroatelier.aero\/wp-content\/uploads\/2026\/02\/Politique-de-retour-1024x1024.jpg",1024,1024,true],"1536x1536":["https:\/\/www.aeroatelier.aero\/wp-content\/uploads\/2026\/02\/Politique-de-retour.jpg",1080,1080,false],"2048x2048":["https:\/\/www.aeroatelier.aero\/wp-content\/uploads\/2026\/02\/Politique-de-retour.jpg",1080,1080,false],"trp-custom-language-flag":["https:\/\/www.aeroatelier.aero\/wp-content\/uploads\/2026\/02\/Politique-de-retour.jpg",12,12,false],"woocommerce_thumbnail":["https:\/\/www.aeroatelier.aero\/wp-content\/uploads\/2026\/02\/Politique-de-retour-300x300.jpg",300,300,true],"woocommerce_single":["https:\/\/www.aeroatelier.aero\/wp-content\/uploads\/2026\/02\/Politique-de-retour-600x600.jpg",600,600,true],"woocommerce_gallery_thumbnail":["https:\/\/www.aeroatelier.aero\/wp-content\/uploads\/2026\/02\/Politique-de-retour-100x100.jpg",100,100,true]},"uagb_author_info":{"display_name":"Aero Atelier","author_link":"https:\/\/www.aeroatelier.aero\/en\/author\/aeroadmin"},"uagb_comment_info":0,"uagb_excerpt":"Politique en mati\u00e8re de remboursements et de retours Aper\u00e7u Chez A\u00e9ro Atelier, nous sommes fiers de notre h\u00e9ritage et de la qualit\u00e9 de nos produits d\u00e9riv\u00e9s. \u00c9tant donn\u00e9 que nous g\u00e9rons ces articles de fa\u00e7on personnalis\u00e9e, nous traitons chaque demande avec le m\u00eame souci du d\u00e9tail que nous apportons \u00e0 nos r\u00e9visions de moteurs. Conditions&hellip;","jetpack_sharing_enabled":true,"_links":{"self":[{"href":"https:\/\/www.aeroatelier.aero\/en\/wp-json\/wp\/v2\/pages\/1325","targetHints":{"allow":["GET"]}}],"collection":[{"href":"https:\/\/www.aeroatelier.aero\/en\/wp-json\/wp\/v2\/pages"}],"about":[{"href":"https:\/\/www.aeroatelier.aero\/en\/wp-json\/wp\/v2\/types\/page"}],"author":[{"embeddable":true,"href":"https:\/\/www.aeroatelier.aero\/en\/wp-json\/wp\/v2\/users\/1"}],"replies":[{"embeddable":true,"href":"https:\/\/www.aeroatelier.aero\/en\/wp-json\/wp\/v2\/comments?post=1325"}],"version-history":[{"count":0,"href":"https:\/\/www.aeroatelier.aero\/en\/wp-json\/wp\/v2\/pages\/1325\/revisions"}],"wp:featuredmedia":[{"embeddable":true,"href":"https:\/\/www.aeroatelier.aero\/en\/wp-json\/wp\/v2\/media\/1419"}],"wp:attachment":[{"href":"https:\/\/www.aeroatelier.aero\/en\/wp-json\/wp\/v2\/media?parent=1325"}],"curies":[{"name":"wp","href":"https:\/\/api.w.org\/{rel}","templated":true}]}}